{"id":3,"date":"2023-05-12T23:16:13","date_gmt":"2023-05-12T23:16:13","guid":{"rendered":"https:\/\/www.sdbrasil.com.br\/?page_id=3"},"modified":"2023-07-01T12:49:37","modified_gmt":"2023-07-01T12:49:37","slug":"privacy-policy","status":"publish","type":"page","link":"https:\/\/www.sdbrasil.com.br\/index.php\/privacy-policy\/","title":{"rendered":"Pol\u00edtica de privacidade"},"content":{"rendered":"\n<p><strong>\u00daltima atualiza\u00e7\u00e3o em 01-Jul-2023<\/strong><\/p>\n\n\n\n<p><strong>Data de vig\u00eancia 01-Jul-2023<\/strong><\/p>\n\n\n\n<p>Esta Pol\u00edtica de Privacidade descreve as pol\u00edticas da Sa\u00fade Brasil LTDA, Rua Bernardo Guimar\u00e3es, 2520, Santo Agostinho, Belo Horizonte, Minas Gerais 30140-085, Brasil, e-mail: jennerfernandesfilho@hotmail.com, telefone: 55 31 3298-6100 sobre a coleta, uso e divulga\u00e7\u00e3o de suas informa\u00e7\u00f5es que coletamos quando voc\u00ea usa nosso site ( https:\/\/www.sdbrasil.com.br ). (o &#8220;Servi\u00e7o&#8221;). Ao acessar ou usar o Servi\u00e7o, voc\u00ea est\u00e1 consentindo com a coleta, uso e divulga\u00e7\u00e3o de suas informa\u00e7\u00f5es de acordo com esta Pol\u00edtica de Privacidade. Se voc\u00ea n\u00e3o consentir com o mesmo, por favor, n\u00e3o acesse ou use o Servi\u00e7o.<\/p>\n\n\n\n<p>\u00a0Podemos modificar esta Pol\u00edtica de Privacidade a qualquer momento sem qualquer aviso pr\u00e9vio e publicaremos a Pol\u00edtica de Privacidade revisada no Servi\u00e7o. A Pol\u00edtica revisada entrar\u00e1 em vigor 180 dias a partir de quando a Pol\u00edtica revisada for publicada no Servi\u00e7o e seu acesso ou uso continuado do Servi\u00e7o ap\u00f3s esse per\u00edodo constituir\u00e1 sua aceita\u00e7\u00e3o da Pol\u00edtica de Privacidade revisada. Portanto, recomendamos que voc\u00ea revise periodicamente esta p\u00e1gina.<\/p>\n\n\n\n<ul>\n<li><strong><u>INFORMA\u00c7\u00d5ES QUE COLETAMOS: <\/u><\/strong><strong><u><\/u><\/strong><\/li>\n<\/ul>\n\n\n\n<p>&nbsp;Coletaremos e processaremos as seguintes informa\u00e7\u00f5es pessoais sobre voc\u00ea:<\/p>\n\n\n\n<ul>\n<li>Nome<\/li>\n\n\n\n<li>Email<\/li>\n\n\n\n<li>N\u00famero de Celular<\/li>\n<\/ul>\n\n\n\n<ul>\n<li><strong><u>&nbsp;COMO USAMOS SUAS INFORMA\u00c7\u00d5ES:<\/u><\/strong><\/li>\n<\/ul>\n\n\n\n<p>&nbsp;Usaremos as informa\u00e7\u00f5es que coletamos sobre voc\u00ea para os seguintes fins:<\/p>\n\n\n\n<ul>\n<li>&nbsp;Marketing\/ Promocional<\/li>\n\n\n\n<li>&nbsp;Informa\u00e7\u00f5es de administra\u00e7\u00e3o<\/li>\n<\/ul>\n\n\n\n<p>&nbsp;Se quisermos usar suas informa\u00e7\u00f5es para qualquer outra finalidade, pediremos seu consentimento e usaremos suas informa\u00e7\u00f5es somente ao receber seu consentimento e, em seguida, somente para a(s) finalidade(s) para a(s) qual(is) concedemos consentimento, a menos que sejamos obrigados a fazer o contr\u00e1rio por lei.<\/p>\n\n\n\n<ul>\n<li><strong><u>&nbsp;COMO COMPARTILHAMOS SUAS INFORMA\u00c7\u00d5ES:<\/u><\/strong><\/li>\n<\/ul>\n\n\n\n<p>N\u00e3o transferiremos suas informa\u00e7\u00f5es pessoais a terceiros sem solicitar seu consentimento, exceto em circunst\u00e2ncias limitadas, conforme descrito abaixo:<\/p>\n\n\n\n<ul>\n<li>&nbsp;Marketing agencies<\/li>\n\n\n\n<li>&nbsp;Analytics<\/li>\n<\/ul>\n\n\n\n<p>Exigimos que esses terceiros usem as informa\u00e7\u00f5es pessoais que transferimos para eles apenas para a finalidade para a qual foram transferidas e n\u00e3o as retenham por mais tempo do que o necess\u00e1rio para cumprir a referida finalidade.<\/p>\n\n\n\n<p>&nbsp;Tamb\u00e9m podemos divulgar suas informa\u00e7\u00f5es pessoais para o seguinte: (1) para cumprir a lei, regulamento, ordem judicial ou outro processo legal aplic\u00e1vel; (2) para fazer cumprir seus acordos conosco, incluindo esta Pol\u00edtica de Privacidade; ou (3) para responder a reclama\u00e7\u00f5es de que seu uso do Servi\u00e7o viola quaisquer direitos de terceiros. Se o Servi\u00e7o ou nossa empresa for fundido ou adquirido com outra empresa, suas informa\u00e7\u00f5es ser\u00e3o um dos ativos que ser\u00e3o transferidos para o novo propriet\u00e1rio.<\/p>\n\n\n\n<ul>\n<li><strong><u>&nbsp;RETEN\u00c7\u00c3O DE SUAS INFORMA\u00c7\u00d5ES:<\/u><\/strong><\/li>\n<\/ul>\n\n\n\n<p>Manteremos suas informa\u00e7\u00f5es pessoais conosco por 2 anos ap\u00f3s o usu\u00e1rio enviar o formul\u00e1rio de contato ou pelo tempo que precisarmos para cumprir os prop\u00f3sitos para os quais foram coletadas, conforme detalhado nesta Pol\u00edtica de Privacidade. Podemos precisar reter certas informa\u00e7\u00f5es por per\u00edodos mais longos, como manuten\u00e7\u00e3o de registros\/relat\u00f3rios de acordo com a lei aplic\u00e1vel ou por outros motivos leg\u00edtimos, como aplica\u00e7\u00e3o de direitos legais, preven\u00e7\u00e3o de fraudes, etc. Informa\u00e7\u00f5es an\u00f4nimas residuais e informa\u00e7\u00f5es agregadas, nenhuma das quais identifica voc\u00ea (direta ou indiretamente), podem ser armazenadas indefinidamente.<\/p>\n\n\n\n<ul>\n<li><strong><u>&nbsp;SEUS DIREITOS:<\/u><\/strong><\/li>\n<\/ul>\n\n\n\n<p>Dependendo da lei aplic\u00e1vel, voc\u00ea pode ter o direito de acessar e retificar ou apagar seus dados pessoais ou receber uma c\u00f3pia de seus dados pessoais, restringir ou se opor ao processamento ativo de seus dados, pedir-nos para compartilhar (portar) suas informa\u00e7\u00f5es pessoais para outra entidade, retirar qualquer consentimento que voc\u00ea nos forneceu para processar seus dados,&nbsp; o direito de apresentar uma reclama\u00e7\u00e3o a uma autoridade estatut\u00e1ria e outros direitos que possam ser relevantes de acordo com as leis aplic\u00e1veis. Para exercer esses direitos, voc\u00ea pode nos escrever para jennerfernandesfilho@hotmail.com. Responderemos ao seu pedido de acordo com a lei aplic\u00e1vel.<\/p>\n\n\n\n<p>&nbsp;Voc\u00ea pode optar por n\u00e3o receber comunica\u00e7\u00f5es de marketing direto ou a cria\u00e7\u00e3o de perfis que realizamos para fins de marketing escrevendo para n\u00f3s no jennerfernandesfilho@hotmail.com.<\/p>\n\n\n\n<p>&nbsp;Observe que, se voc\u00ea n\u00e3o nos permitir coletar ou processar as informa\u00e7\u00f5es pessoais necess\u00e1rias ou retirar o consentimento para processar as mesmas para os fins necess\u00e1rios, talvez n\u00e3o consiga acessar ou usar os servi\u00e7os para os quais suas informa\u00e7\u00f5es foram solicitadas.<\/p>\n\n\n\n<ul>\n<li><strong><u>&nbsp;COOKIES ETC.<\/u><\/strong><\/li>\n<\/ul>\n\n\n\n<p>Para saber mais sobre como usamos essas e suas escolhas em rela\u00e7\u00e3o a essas tecnologias de rastreamento, consulte nossa Pol\u00edtica de Cookies.<\/p>\n\n\n\n<ul>\n<li><strong><u>&nbsp;SEGURAN\u00c7A:<\/u><\/strong><\/li>\n<\/ul>\n\n\n\n<p>A seguran\u00e7a de suas informa\u00e7\u00f5es \u00e9 importante para n\u00f3s e usaremos medidas de seguran\u00e7a razo\u00e1veis para evitar a perda, uso indevido ou altera\u00e7\u00e3o n\u00e3o autorizada de suas informa\u00e7\u00f5es sob nosso controle. No entanto, dados os riscos inerentes, n\u00e3o podemos garantir seguran\u00e7a absoluta e, consequentemente, n\u00e3o podemos assegurar ou garantir a seguran\u00e7a de qualquer informa\u00e7\u00e3o que voc\u00ea nos transmita e voc\u00ea o faz por sua conta e risco.<\/p>\n\n\n\n<ul>\n<li><strong><u>&nbsp;LINKS DE TERCEIROS E USO DE SUAS INFORMA\u00c7\u00d5ES:<\/u><\/strong><\/li>\n<\/ul>\n\n\n\n<p>Nosso Servi\u00e7o pode conter links para outros sites que n\u00e3o s\u00e3o operados por n\u00f3s. Esta Pol\u00edtica de Privacidade n\u00e3o aborda a pol\u00edtica de privacidade e outras pr\u00e1ticas de terceiros, incluindo qualquer terceiro que opere qualquer site ou servi\u00e7o que possa ser acess\u00edvel atrav\u00e9s de um link no Servi\u00e7o. Recomendamos vivamente que reveja a pol\u00edtica de privacidade de cada site que visita. N\u00e3o temos controle e n\u00e3o assumimos nenhuma responsabilidade pelo conte\u00fado, pol\u00edticas de privacidade ou pr\u00e1ticas de quaisquer sites ou servi\u00e7os de terceiros.<\/p>\n\n\n\n<ul>\n<li><strong><u>&nbsp;RECLAMA\u00c7\u00c3O \/ ENCARREGADO DE PROTE\u00c7\u00c3O DE DADOS:<\/u><\/strong><\/li>\n<\/ul>\n\n\n\n<p>Se voc\u00ea tiver alguma d\u00favida ou preocupa\u00e7\u00e3o sobre o processamento de suas informa\u00e7\u00f5es que est\u00e3o dispon\u00edveis conosco, voc\u00ea pode enviar um e-mail para o nosso Oficial de Queixas na Sa\u00fade Brasil LTDA, Rua Bernardo Guimar\u00e3es, 2520, Santo Agostinho, Belo Horizonte, e-mail: renata@sdbrasil.com.br. Abordaremos suas preocupa\u00e7\u00f5es de acordo com a lei aplic\u00e1vel.<\/p>\n","protected":false},"excerpt":{"rendered":"<p>\u00daltima atualiza\u00e7\u00e3o em 01-Jul-2023 Data de vig\u00eancia 01-Jul-2023 Esta Pol\u00edtica de Privacidade descreve as pol\u00edticas da Sa\u00fade Brasil LTDA, Rua Bernardo Guimar\u00e3es, 2520, Santo Agostinho, Belo Horizonte, Minas Gerais 30140-085, Brasil, e-mail: jennerfernandesfilho@hotmail.com, telefone: 55 31 3298-6100 sobre a coleta, uso e divulga\u00e7\u00e3o de suas informa\u00e7\u00f5es que coletamos quando voc\u00ea usa nosso site ( https:\/\/www.sdbrasil.com.br [&hellip;]<\/p>\n","protected":false},"author":1,"featured_media":0,"parent":0,"menu_order":0,"comment_status":"closed","ping_status":"closed","template":"","meta":{"ocean_post_layout":"full-width","ocean_both_sidebars_style":"","ocean_both_sidebars_content_width":0,"ocean_both_sidebars_sidebars_width":0,"ocean_sidebar":"0","ocean_second_sidebar":"0","ocean_disable_margins":"enable","ocean_add_body_class":"","ocean_shortcode_before_top_bar":"","ocean_shortcode_after_top_bar":"","ocean_shortcode_before_header":"","ocean_shortcode_after_header":"","ocean_has_shortcode":"","ocean_shortcode_after_title":"","ocean_shortcode_before_footer_widgets":"","ocean_shortcode_after_footer_widgets":"","ocean_shortcode_before_footer_bottom":"","ocean_shortcode_after_footer_bottom":"","ocean_display_top_bar":"default","ocean_display_header":"default","ocean_header_style":"","ocean_center_header_left_menu":"0","ocean_custom_header_template":"0","ocean_custom_logo":0,"ocean_custom_retina_logo":0,"ocean_custom_logo_max_width":0,"ocean_custom_logo_tablet_max_width":0,"ocean_custom_logo_mobile_max_width":0,"ocean_custom_logo_max_height":0,"ocean_custom_logo_tablet_max_height":0,"ocean_custom_logo_mobile_max_height":0,"ocean_header_custom_menu":"0","ocean_menu_typo_font_family":"0","ocean_menu_typo_font_subset":"","ocean_menu_typo_font_size":0,"ocean_menu_typo_font_size_tablet":0,"ocean_menu_typo_font_size_mobile":0,"ocean_menu_typo_font_size_unit":"px","ocean_menu_typo_font_weight":"","ocean_menu_typo_font_weight_tablet":"","ocean_menu_typo_font_weight_mobile":"","ocean_menu_typo_transform":"","ocean_menu_typo_transform_tablet":"","ocean_menu_typo_transform_mobile":"","ocean_menu_typo_line_height":0,"ocean_menu_typo_line_height_tablet":0,"ocean_menu_typo_line_height_mobile":0,"ocean_menu_typo_line_height_unit":"","ocean_menu_typo_spacing":0,"ocean_menu_typo_spacing_tablet":0,"ocean_menu_typo_spacing_mobile":0,"ocean_menu_typo_spacing_unit":"","ocean_menu_link_color":"","ocean_menu_link_color_hover":"","ocean_menu_link_color_active":"","ocean_menu_link_background":"","ocean_menu_link_hover_background":"","ocean_menu_link_active_background":"","ocean_menu_social_links_bg":"","ocean_menu_social_hover_links_bg":"","ocean_menu_social_links_color":"","ocean_menu_social_hover_links_color":"","ocean_disable_title":"default","ocean_disable_heading":"default","ocean_post_title":"","ocean_post_subheading":"","ocean_post_title_style":"","ocean_post_title_background_color":"","ocean_post_title_background":0,"ocean_post_title_bg_image_position":"","ocean_post_title_bg_image_attachment":"","ocean_post_title_bg_image_repeat":"","ocean_post_title_bg_image_size":"","ocean_post_title_height":0,"ocean_post_title_bg_overlay":0.5,"ocean_post_title_bg_overlay_color":"","ocean_disable_breadcrumbs":"default","ocean_breadcrumbs_color":"","ocean_breadcrumbs_separator_color":"","ocean_breadcrumbs_links_color":"","ocean_breadcrumbs_links_hover_color":"","ocean_display_footer_widgets":"default","ocean_display_footer_bottom":"default","ocean_custom_footer_template":"0"},"_links":{"self":[{"href":"https:\/\/www.sdbrasil.com.br\/index.php\/wp-json\/wp\/v2\/pages\/3"}],"collection":[{"href":"https:\/\/www.sdbrasil.com.br\/index.php\/wp-json\/wp\/v2\/pages"}],"about":[{"href":"https:\/\/www.sdbrasil.com.br\/index.php\/wp-json\/wp\/v2\/types\/page"}],"author":[{"embeddable":true,"href":"https:\/\/www.sdbrasil.com.br\/index.php\/wp-json\/wp\/v2\/users\/1"}],"replies":[{"embeddable":true,"href":"https:\/\/www.sdbrasil.com.br\/index.php\/wp-json\/wp\/v2\/comments?post=3"}],"version-history":[{"count":2,"href":"https:\/\/www.sdbrasil.com.br\/index.php\/wp-json\/wp\/v2\/pages\/3\/revisions"}],"predecessor-version":[{"id":1537,"href":"https:\/\/www.sdbrasil.com.br\/index.php\/wp-json\/wp\/v2\/pages\/3\/revisions\/1537"}],"wp:attachment":[{"href":"https:\/\/www.sdbrasil.com.br\/index.php\/wp-json\/wp\/v2\/media?parent=3"}],"curies":[{"name":"wp","href":"https:\/\/api.w.org\/{rel}","templated":true}]}}